{"id":735,"date":"2023-06-06T16:22:22","date_gmt":"2023-06-06T14:22:22","guid":{"rendered":"https:\/\/www.achburundi.org\/?page_id=735"},"modified":"2025-10-13T17:50:20","modified_gmt":"2025-10-13T15:50:20","slug":"qui-sommes-nous","status":"publish","type":"page","link":"https:\/\/www.achburundi.org\/?page_id=735","title":{"rendered":"Qui sommes nous?"},"content":{"rendered":"\t\t<div data-elementor-type=\"wp-page\" data-elementor-id=\"735\" class=\"elementor elementor-735\">\n\t\t\t\t\t\t<section class=\"elementor-section elementor-top-section elementor-element elementor-element-11679a4 elementor-section-stretched elementor-section-boxed elementor-section-height-default elementor-section-height-default elementor-invisible\" data-id=\"11679a4\" data-element_type=\"section\" data-settings=\"{&quot;stretch_section&quot;:&quot;section-stretched&quot;,&quot;animation&quot;:&quot;slideInLeft&quot;}\">\n\t\t\t\t\t\t<div class=\"elementor-container elementor-column-gap-default\">\n\t\t\t\t\t<div class=\"elementor-column elementor-col-50 elementor-top-column elementor-element elementor-element-ed58f99\" data-id=\"ed58f99\" data-element_type=\"column\">\n\t\t\t<div class=\"elementor-widget-wrap elementor-element-populated\">\n\t\t\t\t\t\t<div class=\"elementor-element elementor-element-36cb0b6 elementor-widget elementor-widget-text-editor\" data-id=\"36cb0b6\" data-element_type=\"widget\" data-widget_type=\"text-editor.default\">\n\t\t\t\t<div class=\"elementor-widget-container\">\n\t\t\t\t\t\t\t\t\t<h3 style=\"text-align: left;\"><span style=\"font-family: Impact, Chicago; color: #333399;\"><strong>Qui sommes nous? <\/strong><\/span><\/h3><p><span style=\"color: #000000;\"><strong>A.C.H\u00a0 oriente ses efforts dans le d\u00e9veloppement int\u00e9gr\u00e9 de l\u2019homme physique et spirituel. Nos projets visent \u00e0 apporter de l\u2019aide aux enfants vuln\u00e9rables .<\/strong><strong>Nous Assurons une prise en charge psychosociale int\u00e9gr\u00e9e des enfants et m\u00e8res victimes des violences en soutenant et favorisant l\u2019acc\u00e8s \u00e0 l\u2019\u00e9ducation et aux reformes modernes \u00e9ducatifs aux enfants et m\u00e8res pr\u00e9coces pour r\u00e9duire le taux d\u2019analphab\u00e8tes, veuves en situation pr\u00e9caire et jeunes d\u00e9s\u0153uvr\u00e9s ; en les initiant aux m\u00e9tiers, sources de revenus.<\/strong><\/span><\/p>\t\t\t\t\t\t\t\t<\/div>\n\t\t\t\t<\/div>\n\t\t\t\t\t<\/div>\n\t\t<\/div>\n\t\t\t\t<div class=\"elementor-column elementor-col-50 elementor-top-column elementor-element elementor-element-8a359ce\" data-id=\"8a359ce\" data-element_type=\"column\">\n\t\t\t<div class=\"elementor-widget-wrap elementor-element-populated\">\n\t\t\t\t\t\t<div class=\"elementor-element elementor-element-a89d3e8 elementor-widget elementor-widget-image\" data-id=\"a89d3e8\" data-element_type=\"widget\" data-widget_type=\"image.default\">\n\t\t\t\t<div class=\"elementor-widget-container\">\n\t\t\t\t\t\t\t\t\t\t\t\t\t\t\t<img fetchpriority=\"high\" decoding=\"async\" width=\"640\" height=\"295\" src=\"https:\/\/www.achburundi.org\/wp-content\/uploads\/2023\/06\/245425395_119253423835824_8193699485981361546_n-1-1024x472.jpg\" class=\"attachment-large size-large wp-image-732\" alt=\"\" srcset=\"https:\/\/www.achburundi.org\/wp-content\/uploads\/2023\/06\/245425395_119253423835824_8193699485981361546_n-1-1024x472.jpg 1024w, https:\/\/www.achburundi.org\/wp-content\/uploads\/2023\/06\/245425395_119253423835824_8193699485981361546_n-1-300x138.jpg 300w, https:\/\/www.achburundi.org\/wp-content\/uploads\/2023\/06\/245425395_119253423835824_8193699485981361546_n-1-768x354.jpg 768w, https:\/\/www.achburundi.org\/wp-content\/uploads\/2023\/06\/245425395_119253423835824_8193699485981361546_n-1.jpg 1080w\" sizes=\"(max-width: 640px) 100vw, 640px\" \/>\t\t\t\t\t\t\t\t\t\t\t\t\t\t\t<\/div>\n\t\t\t\t<\/div>\n\t\t\t\t\t<\/div>\n\t\t<\/div>\n\t\t\t\t\t<\/div>\n\t\t<\/section>\n\t\t\t\t<section class=\"elementor-section elementor-top-section elementor-element elementor-element-d2365e8 elementor-section-stretched elementor-section-boxed elementor-section-height-default elementor-section-height-default\" data-id=\"d2365e8\" data-element_type=\"section\" data-settings=\"{&quot;stretch_section&quot;:&quot;section-stretched&quot;}\">\n\t\t\t\t\t\t<div class=\"elementor-container elementor-column-gap-default\">\n\t\t\t\t\t<div class=\"elementor-column elementor-col-100 elementor-top-column elementor-element elementor-element-4ba7ecf\" data-id=\"4ba7ecf\" data-element_type=\"column\">\n\t\t\t<div class=\"elementor-widget-wrap elementor-element-populated\">\n\t\t\t\t\t\t<div class=\"elementor-element elementor-element-5fc202c elementor-widget elementor-widget-heading\" data-id=\"5fc202c\" data-element_type=\"widget\" data-widget_type=\"heading.default\">\n\t\t\t\t<div class=\"elementor-widget-container\">\n\t\t\t\t\t<h3 class=\"elementor-heading-title elementor-size-default\">Notre strat\u00e9gie d\u2019intervention <\/h3>\t\t\t\t<\/div>\n\t\t\t\t<\/div>\n\t\t\t\t\t<\/div>\n\t\t<\/div>\n\t\t\t\t\t<\/div>\n\t\t<\/section>\n\t\t\t\t<section class=\"elementor-section elementor-top-section elementor-element elementor-element-4cabec8 elementor-section-stretched elementor-section-boxed elementor-section-height-default elementor-section-height-default\" data-id=\"4cabec8\" data-element_type=\"section\" data-settings=\"{&quot;stretch_section&quot;:&quot;section-stretched&quot;}\">\n\t\t\t\t\t\t<div class=\"elementor-container elementor-column-gap-default\">\n\t\t\t\t\t<div class=\"elementor-column elementor-col-100 elementor-top-column elementor-element elementor-element-446c767\" data-id=\"446c767\" data-element_type=\"column\">\n\t\t\t<div class=\"elementor-widget-wrap elementor-element-populated\">\n\t\t\t\t\t\t<div class=\"elementor-element elementor-element-c9ca6d6 elementor-widget elementor-widget-text-editor\" data-id=\"c9ca6d6\" data-element_type=\"widget\" data-widget_type=\"text-editor.default\">\n\t\t\t\t<div class=\"elementor-widget-container\">\n\t\t\t\t\t\t\t\t\t<ul><li><span style=\"color: #000000;\">Faire participer la communaut\u00e9 dans nos projets pour qu\u2019elle s\u2019approprie afin de garantir la p\u00e9rennit\u00e9.<\/span><\/li><li><span style=\"color: #000000;\">Les enfants et jeunes, femmes seules responsables des familles sont directement support\u00e9s dans les op\u00e9rations de nos projets.<\/span><\/li><li><span style=\"color: #000000;\">Transmission des comp\u00e9tences et des capacit\u00e9s techniques aux parents, enseignants, communaut\u00e9s et autres regroupements associatifs locaux.<\/span><\/li><li><span style=\"color: #000000;\">Cr\u00e9er un environnement de partage d\u2019exp\u00e9rience et d\u2019acceptation des uns aux autres pour d\u00e9fendre un but designer.<\/span><\/li><li><span style=\"color: #000000;\">Nous ciblons directement les grands d\u00e9cideurs et les leadeurs d\u2019opinion dans les activit\u00e9s de plaidoyer dans l\u2019objectif de la loi, les r\u00e9glementations et les pratiques nobles soient totalement d\u00e9clench\u00e9s dans un d\u00e9veloppement sans reproche. Exemple sur le droit des enfants en concurrence des textes des Nations Unions est un cheval de batail dans nos projets.<\/span><\/li><\/ul><p><span style=\"color: #000000;\"><strong> <u>Nos r\u00e9f\u00e9rences :<\/u><\/strong><\/span><\/p><ul><li><span style=\"color: #000000;\">La Charte propre ACH<\/span><\/li><li><span style=\"color: #000000;\">-La charte universelle des droits de l\u2019Homme adopt\u00e9e en 1948 par les Nations Unies,<\/span><\/li><li><span style=\"color: #000000;\">-La convention relative aux droits de l\u2019enfant,<\/span><\/li><li><span style=\"color: #000000;\">-La convention sur l\u2019\u00e9limination de toutes formes de discrimination \u00e0 l\u2019\u00e9gard des femmes.<\/span><\/li><\/ul><ol start=\"6\"><li><span style=\"color: #000000;\"><strong> <u>Nos Partenaires\u00a0:<\/u><\/strong><\/span><\/li><\/ol><p><span style=\"color: #000000;\">Les partenaires associ\u00e9s dans l\u2019ex\u00e9cution des projets sont :<\/span><\/p><ul><li><span style=\"color: #000000;\">Les bailleurs qui financent les projets<\/span><\/li><li><span style=\"color: #000000;\">Le Gouvernement h\u00f4te<\/span><\/li><li><span style=\"color: #000000;\">La communaut\u00e9 h\u00f4te<\/span><\/li><\/ul><p><span style=\"color: #000000;\">Le groupe cible de b\u00e9n\u00e9ficiaire du projet<\/span><\/p>\t\t\t\t\t\t\t\t<\/div>\n\t\t\t\t<\/div>\n\t\t\t\t\t<\/div>\n\t\t<\/div>\n\t\t\t\t\t<\/div>\n\t\t<\/section>\n\t\t\t\t<section class=\"elementor-section elementor-top-section elementor-element elementor-element-7f030f3 elementor-section-stretched elementor-section-boxed elementor-section-height-default elementor-section-height-default\" data-id=\"7f030f3\" data-element_type=\"section\" data-settings=\"{&quot;stretch_section&quot;:&quot;section-stretched&quot;}\">\n\t\t\t\t\t\t<div class=\"elementor-container elementor-column-gap-default\">\n\t\t\t\t\t<div class=\"elementor-column elementor-col-100 elementor-top-column elementor-element elementor-element-7aeec21\" data-id=\"7aeec21\" data-element_type=\"column\">\n\t\t\t<div class=\"elementor-widget-wrap elementor-element-populated\">\n\t\t\t\t\t\t<div class=\"elementor-element elementor-element-0142f0a elementor-widget elementor-widget-heading\" data-id=\"0142f0a\" data-element_type=\"widget\" data-widget_type=\"heading.default\">\n\t\t\t\t<div class=\"elementor-widget-container\">\n\t\t\t\t\t<h3 class=\"elementor-heading-title elementor-size-default\">Nos objectifs<\/h3>\t\t\t\t<\/div>\n\t\t\t\t<\/div>\n\t\t\t\t\t<\/div>\n\t\t<\/div>\n\t\t\t\t\t<\/div>\n\t\t<\/section>\n\t\t\t\t<section class=\"elementor-section elementor-top-section elementor-element elementor-element-3da23f3 elementor-section-stretched elementor-section-boxed elementor-section-height-default elementor-section-height-default\" data-id=\"3da23f3\" data-element_type=\"section\" data-settings=\"{&quot;stretch_section&quot;:&quot;section-stretched&quot;}\">\n\t\t\t\t\t\t<div class=\"elementor-container elementor-column-gap-default\">\n\t\t\t\t\t<div class=\"elementor-column elementor-col-100 elementor-top-column elementor-element elementor-element-41c72f7\" data-id=\"41c72f7\" data-element_type=\"column\">\n\t\t\t<div class=\"elementor-widget-wrap elementor-element-populated\">\n\t\t\t\t\t\t<div class=\"elementor-element elementor-element-c4a4bbd elementor-widget elementor-widget-text-editor\" data-id=\"c4a4bbd\" data-element_type=\"widget\" data-widget_type=\"text-editor.default\">\n\t\t\t\t<div class=\"elementor-widget-container\">\n\t\t\t\t\t\t\t\t\t<ol><li><span style=\"color: #000000;\">Cr\u00e9er un r\u00e9seau national de collaboration, d\u2019\u00e9change d\u2019information et de d\u00e9fense des droits des enfants marginalis\u00e9s,<\/span><\/li><li><span style=\"color: #000000;\">Soutenir et favoriser le d\u00e9veloppement des ONG locales et partenaires locaux \u00e0 acc\u00e9der aux meilleurs financements dans les actions humanitaires dans son pays.<\/span><\/li><li><span style=\"color: #000000;\">Assurer une prise en charge psychosociale int\u00e9gr\u00e9e des enfants et m\u00e8res victimes des violences, soutenir et favoriser l\u2019acc\u00e8s \u00e0 l\u2019\u00e9ducation et aux reformes modernes \u00e9ducatifs aux enfants et m\u00e8res pr\u00e9coces pour r\u00e9duire le taux d\u2019analphab\u00e8tes, veuves en situation pr\u00e9caire et les jeunes d\u00e9s\u0153uvr\u00e9s en les initiant au m\u00e9tier source de revenue,<\/span><\/li><li><span style=\"color: #000000;\">Soutenir et favoriser l\u2019acc\u00e8s et les reformes modernes d\u2019acc\u00e8s aux soins de sant\u00e9 primaire pour r\u00e9duire le taux de mortalit\u00e9 infantile et femme en grosses<\/span><\/li><li><span style=\"color: #000000;\">Soutenir et favoriser l\u2019acc\u00e8s et l\u2019approvisionnement en eau potable \u00e0 la communaut\u00e9 ;<\/span><\/li><li><span style=\"color: #000000;\">Soutenir le combat de pr\u00e9servation de l\u2019environnement et de lutte contre le r\u00e9chauffement climatique en mettant en \u0153uvre les nouvelles technologies pour soutenir les structures de vie de la communaut\u00e9 (acquisition du syst\u00e8me solaire, etc.), projet de reboisements massif des esp\u00e8ces de bois utilis\u00e9es dans la construction, abris temporaires, menuiserie, etc ;<\/span><\/li><li><span style=\"color: #000000;\">Action Communautaire pour l\u2019Humanit\u00e9 &#8211; ACH d\u00e9veloppe les actions de plaidoirie pour favoriser l\u2019\u00e9closion de la solidarit\u00e9 humaine et la compassion envers les personnes en d\u00e9tresse par l\u2019action concert\u00e9e de l\u2019espace humanitaire, philanthropique plan\u00e9taire et r\u00e9gionale non s\u00e9lectif.<\/span><\/li><\/ol>\t\t\t\t\t\t\t\t<\/div>\n\t\t\t\t<\/div>\n\t\t\t\t\t<\/div>\n\t\t<\/div>\n\t\t\t\t\t<\/div>\n\t\t<\/section>\n\t\t\t\t<section class=\"elementor-section elementor-top-section elementor-element elementor-element-37f942f elementor-section-boxed elementor-section-height-default elementor-section-height-default\" data-id=\"37f942f\" data-element_type=\"section\">\n\t\t\t\t\t\t<div class=\"elementor-container elementor-column-gap-default\">\n\t\t\t\t\t<div class=\"elementor-column elementor-col-100 elementor-top-column elementor-element elementor-element-9f0ee30\" data-id=\"9f0ee30\" data-element_type=\"column\">\n\t\t\t<div class=\"elementor-widget-wrap elementor-element-populated\">\n\t\t\t\t\t\t<div class=\"elementor-element elementor-element-4cac384 elementor-widget elementor-widget-heading\" data-id=\"4cac384\" data-element_type=\"widget\" data-widget_type=\"heading.default\">\n\t\t\t\t<div class=\"elementor-widget-container\">\n\t\t\t\t\t<h2 class=\"elementor-heading-title elementor-size-default\">ACH au Chad<\/h2>\t\t\t\t<\/div>\n\t\t\t\t<\/div>\n\t\t\t\t\t<\/div>\n\t\t<\/div>\n\t\t\t\t\t<\/div>\n\t\t<\/section>\n\t\t\t\t<section class=\"elementor-section elementor-top-section elementor-element elementor-element-a5b92c2 elementor-section-boxed elementor-section-height-default elementor-section-height-default\" data-id=\"a5b92c2\" data-element_type=\"section\">\n\t\t\t\t\t\t<div class=\"elementor-container elementor-column-gap-default\">\n\t\t\t\t\t<div class=\"elementor-column elementor-col-100 elementor-top-column elementor-element elementor-element-b1cfce5\" data-id=\"b1cfce5\" data-element_type=\"column\">\n\t\t\t<div class=\"elementor-widget-wrap elementor-element-populated\">\n\t\t\t\t\t\t<div class=\"elementor-element elementor-element-4b3eb74 elementor-widget elementor-widget-text-editor\" data-id=\"4b3eb74\" data-element_type=\"widget\" data-widget_type=\"text-editor.default\">\n\t\t\t\t<div class=\"elementor-widget-container\">\n\t\t\t\t\t\t\t\t\t<p><span style=\"color: #000000;\">Dans la premi\u00e8re phase en Afrique centrale et de l\u2019Ouest, nos projets visent \u00e0 apporter de l\u2019aide aux ONG Locales dans le renforcement des capacit\u00e9s et la reconstruction du partenariat sur ces 4 piliers (R\u00e9sultats) :<\/span><\/p><ul><li><span style=\"color: #000000;\"><strong>Pilier 1 :<\/strong>\u00a0Soutenir les ONG locales pour qu\u2019ils aient une voix et une influence accrues dans les espaces cl\u00e9s au niveau national et international.<\/span><\/li><li><span style=\"color: #000000;\"><strong>Pilier 2 :<\/strong>\u00a0Fournir un soutien plus efficace au renforcement des capacit\u00e9s des ONG locales, sur la base des besoins qu\u2019ils ont exprim\u00e9 ou \u00e9valu\u00e9 et davantage de possibilit\u00e9s de renforcement bilat\u00e9ral individuel.<\/span><\/li><li><span style=\"color: #000000;\"><strong>Pilier 3 :<\/strong>\u00a0Encourager les ONG Locales dans la mise en place des partenariats plus \u00e9quitables avec les partenaires locaux et internationaux sur la base d\u2019une responsabilit\u00e9 r\u00e9ciproque.<\/span><\/li><li><span style=\"color: #000000;\"><strong>Pilier 4 :<\/strong>\u00a0Aider les ONG locales \u00e0 accro\u00eetre leurs syst\u00e8mes de gestion interne afin d\u2019acc\u00e9der \u00e0 un nombre vari\u00e9 et une qualit\u00e9 accrue de financement et de ressources provenant d\u2019autres sources.<\/span><\/li><li><span style=\"color: #000000;\"><strong>Pilier 5\u00a0: <\/strong>Changement climatique et transition \u00e9nerg\u00e9tique\u00a0: Comprendre les enjeux climatiques et les solutions locales.<\/span><\/li><\/ul>\t\t\t\t\t\t\t\t<\/div>\n\t\t\t\t<\/div>\n\t\t\t\t\t<\/div>\n\t\t<\/div>\n\t\t\t\t\t<\/div>\n\t\t<\/section>\n\t\t\t\t<section class=\"elementor-section elementor-top-section elementor-element elementor-element-6237ac0 elementor-section-boxed elementor-section-height-default elementor-section-height-default\" data-id=\"6237ac0\" data-element_type=\"section\">\n\t\t\t\t\t\t<div class=\"elementor-container elementor-column-gap-default\">\n\t\t\t\t\t<div class=\"elementor-column elementor-col-100 elementor-top-column elementor-element elementor-element-a7f8d45\" data-id=\"a7f8d45\" data-element_type=\"column\">\n\t\t\t<div class=\"elementor-widget-wrap elementor-element-populated\">\n\t\t\t\t\t\t<div class=\"elementor-element elementor-element-1a5327b elementor-widget elementor-widget-heading\" data-id=\"1a5327b\" data-element_type=\"widget\" data-widget_type=\"heading.default\">\n\t\t\t\t<div class=\"elementor-widget-container\">\n\t\t\t\t\t<h2 class=\"elementor-heading-title elementor-size-default\">Axes d'intervention au Chad<\/h2>\t\t\t\t<\/div>\n\t\t\t\t<\/div>\n\t\t\t\t\t<\/div>\n\t\t<\/div>\n\t\t\t\t\t<\/div>\n\t\t<\/section>\n\t\t\t\t<section class=\"elementor-section elementor-top-section elementor-element elementor-element-2b21949 elementor-section-boxed elementor-section-height-default elementor-section-height-default\" data-id=\"2b21949\" data-element_type=\"section\">\n\t\t\t\t\t\t<div class=\"elementor-container elementor-column-gap-default\">\n\t\t\t\t\t<div class=\"elementor-column elementor-col-100 elementor-top-column elementor-element elementor-element-dfa9cf0\" data-id=\"dfa9cf0\" data-element_type=\"column\">\n\t\t\t<div class=\"elementor-widget-wrap elementor-element-populated\">\n\t\t\t\t\t\t<div class=\"elementor-element elementor-element-305cdb1 elementor-widget elementor-widget-text-editor\" data-id=\"305cdb1\" data-element_type=\"widget\" data-widget_type=\"text-editor.default\">\n\t\t\t\t<div class=\"elementor-widget-container\">\n\t\t\t\t\t\t\t\t\t<p><span style=\"color: #000000;\">ACH d\u00e9veloppe ses programmes au Tchad \u00e0 travers ces th\u00e9matiques dans le souci de transmettre les comp\u00e9tences aux structures communautaires et aux ONG locales pour avoir de l\u2019impact sur le changement de pratique nocive au d\u00e9veloppement, afin de p\u00e9renniser les acquis et favoriser les actions boule de neige :<\/span><\/p><p><strong><span style=\"color: #000000;\">A. Renforcement des Capacit\u00e9s des ONG Locales.<\/span><\/strong><\/p><ol><li><span style=\"color: #000000;\">Formation dans la gestion de projets.<\/span><\/li><li><span style=\"color: #000000;\">Formation dans l\u2019\u00e9criture de projets.<\/span><\/li><li><span style=\"color: #000000;\">Formation dans le suivi et Evaluation de projets.<\/span><\/li><li><span style=\"color: #000000;\">Formation dans la planification et coordination des activit\u00e9s.<\/span><\/li><li><span style=\"color: #000000;\">Formation sectorielle : RH, Finance, Logistique, protection, WASH, etc.<\/span><\/li><\/ol><p><strong><span style=\"color: #000000;\">B. Audit interne pour les ONG Locales et accompagnement dans l\u2019implantation des recommandations dress\u00e9es.<\/span><\/strong><\/p><p><strong><span style=\"color: #000000;\">C. Expertise dans les programmes de distribution : cash et NFI. <\/span><\/strong><span style=\"color: #000000;\">Dans les programmes de distribution de cash, L\u2019App B2M offline est disponible pour les partenaires.<\/span><\/p><p><span style=\"color: #000000;\"><strong>D. Expertise dans la transition \u00e9nerg\u00e9tique\u00a0: <\/strong>Conception et installation des biodigesteurs dans les camps et autres lieux.<\/span><\/p>\t\t\t\t\t\t\t\t<\/div>\n\t\t\t\t<\/div>\n\t\t\t\t\t<\/div>\n\t\t<\/div>\n\t\t\t\t\t<\/div>\n\t\t<\/section>\n\t\t\t\t<\/div>\n\t\t","protected":false},"excerpt":{"rendered":"<p>Qui sommes nous? A.C.H\u00a0 oriente ses efforts dans le d\u00e9veloppement int\u00e9gr\u00e9 de l\u2019homme physique et spirituel. Nos projets visent \u00e0 apporter de l\u2019aide aux enfants [&hellip;]<\/p>\n","protected":false},"author":1,"featured_media":0,"parent":0,"menu_order":0,"comment_status":"closed","ping_status":"closed","template":"elementor_header_footer","meta":{"footnotes":""},"class_list":["post-735","page","type-page","status-publish","hentry"],"post_mailing_queue_ids":[],"_links":{"self":[{"href":"https:\/\/www.achburundi.org\/index.php?rest_route=\/wp\/v2\/pages\/735","targetHints":{"allow":["GET"]}}],"collection":[{"href":"https:\/\/www.achburundi.org\/index.php?rest_route=\/wp\/v2\/pages"}],"about":[{"href":"https:\/\/www.achburundi.org\/index.php?rest_route=\/wp\/v2\/types\/page"}],"author":[{"embeddable":true,"href":"https:\/\/www.achburundi.org\/index.php?rest_route=\/wp\/v2\/users\/1"}],"replies":[{"embeddable":true,"href":"https:\/\/www.achburundi.org\/index.php?rest_route=%2Fwp%2Fv2%2Fcomments&post=735"}],"version-history":[{"count":22,"href":"https:\/\/www.achburundi.org\/index.php?rest_route=\/wp\/v2\/pages\/735\/revisions"}],"predecessor-version":[{"id":865,"href":"https:\/\/www.achburundi.org\/index.php?rest_route=\/wp\/v2\/pages\/735\/revisions\/865"}],"wp:attachment":[{"href":"https:\/\/www.achburundi.org\/index.php?rest_route=%2Fwp%2Fv2%2Fmedia&parent=735"}],"curies":[{"name":"wp","href":"https:\/\/api.w.org\/{rel}","templated":true}]}}